{"id":94,"date":"2019-05-28T11:31:13","date_gmt":"2019-05-28T16:31:13","guid":{"rendered":"https:\/\/www.radioramanuevolaredo.com\/?page_id=94"},"modified":"2021-05-11T11:20:30","modified_gmt":"2021-05-11T16:20:30","slug":"fiesta-mexicana","status":"publish","type":"page","link":"https:\/\/www.radioramanuevolaredo.com\/?page_id=94","title":{"rendered":"Fiesta Mexicana"},"content":{"rendered":"\n<h3 class=\"has-text-align-center wp-block-heading\"><strong>FIESTA MEXICANA XHAS 101.5 FM<\/strong><\/h3>\n\n\n\n<p><\/p>\n\n\n\n<div class=\"wp-block-image\"><figure class=\"aligncenter size-large is-resized\"><img loading=\"lazy\" decoding=\"async\" src=\"https:\/\/www.radioramanuevolaredo.com\/wp-content\/uploads\/2020\/05\/logo-fiesta-mexicana-fondo-t-1-1024x1024.jpg\" alt=\"\" class=\"wp-image-510\" width=\"391\" height=\"391\" srcset=\"https:\/\/www.radioramanuevolaredo.com\/wp-content\/uploads\/2020\/05\/logo-fiesta-mexicana-fondo-t-1-1024x1024.jpg 1024w, https:\/\/www.radioramanuevolaredo.com\/wp-content\/uploads\/2020\/05\/logo-fiesta-mexicana-fondo-t-1-300x300.jpg 300w, https:\/\/www.radioramanuevolaredo.com\/wp-content\/uploads\/2020\/05\/logo-fiesta-mexicana-fondo-t-1-150x150.jpg 150w, https:\/\/www.radioramanuevolaredo.com\/wp-content\/uploads\/2020\/05\/logo-fiesta-mexicana-fondo-t-1-768x768.jpg 768w, https:\/\/www.radioramanuevolaredo.com\/wp-content\/uploads\/2020\/05\/logo-fiesta-mexicana-fondo-t-1-1536x1536.jpg 1536w, https:\/\/www.radioramanuevolaredo.com\/wp-content\/uploads\/2020\/05\/logo-fiesta-mexicana-fondo-t-1-2048x2048.jpg 2048w\" sizes=\"auto, (max-width: 391px) 100vw, 391px\" \/><\/figure><\/div>\n\n\n\n<p class=\"has-text-align-center\"><strong>Con un formato de 80% m\u00fasica de banda y 20% m\u00fasica regional mexicana.<\/strong><\/p>\n\n\n\n<p class=\"has-text-align-center\"><strong>Con programas de entretenimiento e informativos. Una estaci\u00f3n con compromiso social.<\/strong><\/p>\n\n\n\n<p class=\"has-text-align-center\"><strong>En \u00e9sta estaci\u00f3n de radio se transmite el noticiero estatal NN Nuestas Noticias Tamaulipas con cobertura a nivel Tamaulipas, Veracruz y San Luis Potos\u00ed.<\/strong><\/p>\n\n\n\n<p><\/p>\n\n\n\n<h4 class=\"has-text-align-center wp-block-heading\"><strong>DESCARGA TUNE IN Y ESC\u00daCHANOS <\/strong><\/h4>\n\n\n\n<div class=\"wp-block-image\"><figure class=\"aligncenter size-large is-resized\"><a href=\"https:\/\/tunein.com\/?lang=es\" target=\"_blank\" rel=\"noopener noreferrer\"><img loading=\"lazy\" decoding=\"async\" src=\"https:\/\/www.radioramanuevolaredo.com\/wp-content\/uploads\/2020\/05\/tune-in-fm.jpg\" alt=\"\" class=\"wp-image-693\" width=\"454\" height=\"454\" srcset=\"https:\/\/www.radioramanuevolaredo.com\/wp-content\/uploads\/2020\/05\/tune-in-fm.jpg 1000w, https:\/\/www.radioramanuevolaredo.com\/wp-content\/uploads\/2020\/05\/tune-in-fm-300x300.jpg 300w, https:\/\/www.radioramanuevolaredo.com\/wp-content\/uploads\/2020\/05\/tune-in-fm-150x150.jpg 150w, https:\/\/www.radioramanuevolaredo.com\/wp-content\/uploads\/2020\/05\/tune-in-fm-768x768.jpg 768w\" sizes=\"auto, (max-width: 454px) 100vw, 454px\" \/><\/a><\/figure><\/div>\n\n\n\n<p><\/p>\n","protected":false},"excerpt":{"rendered":"<p>FIESTA MEXICANA XHAS 101.5 FM Con un formato de 80% m\u00fasica de banda y 20% m\u00fasica regional mexicana. Con programas de entretenimiento e informativos. Una estaci\u00f3n con compromiso social. En \u00e9sta estaci\u00f3n de radio se transmite el noticiero estatal NN Nuestas Noticias Tamaulipas con cobertura a nivel Tamaulipas, Veracruz y San Luis Potos\u00ed. DESCARGA TUNE [&hellip;]<\/p>\n","protected":false},"author":1,"featured_media":0,"parent":0,"menu_order":0,"comment_status":"closed","ping_status":"closed","template":"","meta":{"footnotes":""},"class_list":["post-94","page","type-page","status-publish","hentry"],"_links":{"self":[{"href":"https:\/\/www.radioramanuevolaredo.com\/index.php?rest_route=\/wp\/v2\/pages\/94","targetHints":{"allow":["GET"]}}],"collection":[{"href":"https:\/\/www.radioramanuevolaredo.com\/index.php?rest_route=\/wp\/v2\/pages"}],"about":[{"href":"https:\/\/www.radioramanuevolaredo.com\/index.php?rest_route=\/wp\/v2\/types\/page"}],"author":[{"embeddable":true,"href":"https:\/\/www.radioramanuevolaredo.com\/index.php?rest_route=\/wp\/v2\/users\/1"}],"replies":[{"embeddable":true,"href":"https:\/\/www.radioramanuevolaredo.com\/index.php?rest_route=%2Fwp%2Fv2%2Fcomments&post=94"}],"version-history":[{"count":41,"href":"https:\/\/www.radioramanuevolaredo.com\/index.php?rest_route=\/wp\/v2\/pages\/94\/revisions"}],"predecessor-version":[{"id":1116,"href":"https:\/\/www.radioramanuevolaredo.com\/index.php?rest_route=\/wp\/v2\/pages\/94\/revisions\/1116"}],"wp:attachment":[{"href":"https:\/\/www.radioramanuevolaredo.com\/index.php?rest_route=%2Fwp%2Fv2%2Fmedia&parent=94"}],"curies":[{"name":"wp","href":"https:\/\/api.w.org\/{rel}","templated":true}]}}