{"id":2,"date":"2019-05-27T11:58:40","date_gmt":"2019-05-27T16:58:40","guid":{"rendered":"http:\/\/www.wpnux.godaddy.com\/personal-blog\/?page_id=2"},"modified":"2023-05-29T12:04:27","modified_gmt":"2023-05-29T18:04:27","slug":"sobre-mi","status":"publish","type":"page","link":"https:\/\/www.radioramanuevolaredo.com\/?page_id=2","title":{"rendered":"RADIORAMA"},"content":{"rendered":"\n<p><\/p>\n\n\n\n<p><\/p>\n\n\n\n<h2 class=\"has-text-align-center wp-block-heading\"><strong>GRUPO RADIORAMA<\/strong><\/h2>\n\n\n\n<p class=\"has-text-align-center\"><img loading=\"lazy\" decoding=\"async\" width=\"404\" height=\"187\" class=\"wp-image-384\" style=\"width: 400px\" src=\"https:\/\/www.radioramanuevolaredo.com\/wp-content\/uploads\/2019\/08\/cropped-PyN.png\" alt=\"\" srcset=\"https:\/\/www.radioramanuevolaredo.com\/wp-content\/uploads\/2019\/08\/cropped-PyN.png 404w, https:\/\/www.radioramanuevolaredo.com\/wp-content\/uploads\/2019\/08\/cropped-PyN-300x139.png 300w\" sizes=\"auto, (max-width: 404px) 100vw, 404px\" \/><\/p>\n\n\n\n<p><\/p>\n\n\n\n<p><\/p>\n\n\n<p><\/p>\n<p style=\"text-align: center\"><strong>Grupo Radiorama<\/strong> es la cadena radiof\u00f3nica m\u00e1s grande de M\u00e9xico, bajo el eslogan <strong>\u201cLa Cadena que Une a M\u00e9xico\u201d.<\/strong><\/p>\n<p style=\"text-align: center\">Actualmente Radiorama opera con m\u00e1s de <strong>300 emisoras de AM y FM<\/strong> distribuidas en todo el pa\u00eds, entre ellas, est\u00e1 Nuevo Laredo, Tamaulipas.<\/p>\n<p style=\"text-align: center\">Contamos con 2 estaciones de radio: Fiesta Mexicana y Stereo Vida.<\/p>\n\n\n<h3 class=\"has-text-align-center wp-block-heading\"><strong>Fiesta Mexicana XHAS 101.5FM\/1410AM<\/strong><\/h3>\n\n\n\n<p class=\"has-text-align-center\">Con un formato de 80% m\u00fasica de banda y 20% m\u00fasica regional mexicana.<\/p>\n\n\n\n<p class=\"has-text-align-center\">Con programas de entretenimiento e informativos. Una estaci\u00f3n con compromiso social.<\/p>\n\n\n\n<p class=\"has-text-align-center\">Actualmente es la estaci\u00f3n oficial de los <strong>Tecolotes de los Dos Laredos<\/strong>, el equipo de las 2 naciones (Mex\/Usa).<\/p>\n\n\n\n<p class=\"has-text-align-center\">.<img loading=\"lazy\" decoding=\"async\" width=\"2835\" height=\"2835\" class=\"wp-image-373\" style=\"width: 400px\" src=\"https:\/\/www.radioramanuevolaredo.com\/wp-content\/uploads\/2019\/08\/logo-fiesta-mexicana-fondo-t.jpg\" alt=\"\" srcset=\"https:\/\/www.radioramanuevolaredo.com\/wp-content\/uploads\/2019\/08\/logo-fiesta-mexicana-fondo-t.jpg 2835w, https:\/\/www.radioramanuevolaredo.com\/wp-content\/uploads\/2019\/08\/logo-fiesta-mexicana-fondo-t-150x150.jpg 150w, https:\/\/www.radioramanuevolaredo.com\/wp-content\/uploads\/2019\/08\/logo-fiesta-mexicana-fondo-t-300x300.jpg 300w, https:\/\/www.radioramanuevolaredo.com\/wp-content\/uploads\/2019\/08\/logo-fiesta-mexicana-fondo-t-768x768.jpg 768w, https:\/\/www.radioramanuevolaredo.com\/wp-content\/uploads\/2019\/08\/logo-fiesta-mexicana-fondo-t-1024x1024.jpg 1024w\" sizes=\"auto, (max-width: 2835px) 100vw, 2835px\" \/><\/p>\n\n\n\n<h2 class=\"has-text-align-center wp-block-heading\"><strong>Stereo Vida XHMW 102.3FM<\/strong><\/h2>\n\n\n<p style=\"text-align: center\">Con un formato de m\u00fasica pop 80% espa\u00f1ol y 20% ingl\u00e9s.<\/p>\n<p style=\"text-align: center\">Con programas de entretenimiento, contenido e informativos. Una estaci\u00f3n con compromiso social.<\/p>\n<p style=\"text-align: center\">En \u00e9sta estaci\u00f3n de radio se transmite el noticiero estatal NN Nuestas Noticias con cobertura a nivel Tamaulipas, Veracruz y San Luis Potos\u00ed.<\/p>\n<p style=\"text-align: left\"><a href=\"https:\/\/www.radioramanuevolaredo.com\/wp-content\/uploads\/2019\/08\/43161272_1030352037149373_1175706606759837696_n.jpg\"><img loading=\"lazy\" decoding=\"async\" class=\"wp-image-376 aligncenter\" src=\"https:\/\/www.radioramanuevolaredo.com\/wp-content\/uploads\/2019\/08\/43161272_1030352037149373_1175706606759837696_n-300x300.jpg\" alt=\"\" width=\"400\" height=\"400\" srcset=\"https:\/\/www.radioramanuevolaredo.com\/wp-content\/uploads\/2019\/08\/43161272_1030352037149373_1175706606759837696_n-300x300.jpg 300w, https:\/\/www.radioramanuevolaredo.com\/wp-content\/uploads\/2019\/08\/43161272_1030352037149373_1175706606759837696_n-150x150.jpg 150w, https:\/\/www.radioramanuevolaredo.com\/wp-content\/uploads\/2019\/08\/43161272_1030352037149373_1175706606759837696_n-768x768.jpg 768w, https:\/\/www.radioramanuevolaredo.com\/wp-content\/uploads\/2019\/08\/43161272_1030352037149373_1175706606759837696_n.jpg 936w\" sizes=\"auto, (max-width: 400px) 100vw, 400px\" \/><\/a><\/p>\n<p style=\"text-align: center\">Actualmente ambas estaciones son dirigidas por el Licenciando V\u00edctor Noguez D\u00edaz<\/p>\n\n\n<h2 class=\"has-text-align-center wp-block-heading\"><strong>Misi\u00f3n<\/strong><\/h2>\n\n\n\n<p class=\"has-text-align-center\"><\/p>\n\n\n\n<p class=\"has-text-align-center\">Unir a M\u00e9xico mediante el establecimiento de v\u00ednculos de comunicaci\u00f3n promoviendo la  libertad de expresi\u00f3n, a trav\u00e9s de la Radiodifusi\u00f3n en nuestro pa\u00eds y parte de Estados Unidos,  utilizando tecnolog\u00eda de punta y creatividad program\u00e1tica con calidad humana y responsabilidad social.<\/p>\n\n\n\n<p class=\"has-text-align-center\"><img loading=\"lazy\" decoding=\"async\" width=\"750\" height=\"450\" class=\"wp-image-360\" style=\"width: 500px\" src=\"https:\/\/www.radioramanuevolaredo.com\/wp-content\/uploads\/2019\/08\/radioenlaces.jpg\" alt=\"\" srcset=\"https:\/\/www.radioramanuevolaredo.com\/wp-content\/uploads\/2019\/08\/radioenlaces.jpg 750w, https:\/\/www.radioramanuevolaredo.com\/wp-content\/uploads\/2019\/08\/radioenlaces-300x180.jpg 300w\" sizes=\"auto, (max-width: 750px) 100vw, 750px\" \/><\/p>\n\n\n\n<p><\/p>\n\n\n\n<p><\/p>\n\n\n\n<h2 class=\"has-text-align-center wp-block-heading\"><strong>Visi\u00f3n<\/strong><\/h2>\n\n\n\n<p class=\"has-text-align-center\"><\/p>\n\n\n\n<p class=\"has-text-align-center\">Establecer y promover las actividades econ\u00f3micas de M\u00e9xico, mediante la promoci\u00f3n de  productos, servicios y la libre difusi\u00f3n de ideas. <img loading=\"lazy\" decoding=\"async\" width=\"626\" height=\"417\" class=\"wp-image-369\" style=\"width: 500px\" src=\"https:\/\/www.radioramanuevolaredo.com\/wp-content\/uploads\/2019\/08\/radio-vendimia-reproductor-casete-fondo-color-endecha-plana-vision-superior-retra_1484-1756.jpg\" alt=\"\" srcset=\"https:\/\/www.radioramanuevolaredo.com\/wp-content\/uploads\/2019\/08\/radio-vendimia-reproductor-casete-fondo-color-endecha-plana-vision-superior-retra_1484-1756.jpg 626w, https:\/\/www.radioramanuevolaredo.com\/wp-content\/uploads\/2019\/08\/radio-vendimia-reproductor-casete-fondo-color-endecha-plana-vision-superior-retra_1484-1756-300x200.jpg 300w\" sizes=\"auto, (max-width: 626px) 100vw, 626px\" \/><\/p>\n\n\n\n<p><\/p>\n\n\n\n<p><\/p>\n\n\n\n<h4 class=\"has-text-align-center wp-block-heading\"><strong>DESCARGA TUNE IN Y ESC\u00daCHANOS<\/strong><\/h4>\n\n\n\n<div class=\"wp-block-image\"><figure class=\"aligncenter size-large is-resized\"><a href=\"https:\/\/tunein.com\/?lang=es\" target=\"_blank\" rel=\"noopener noreferrer\"><img loading=\"lazy\" decoding=\"async\" src=\"https:\/\/www.radioramanuevolaredo.com\/wp-content\/uploads\/2020\/05\/radioramanld-tune-in-1.jpg\" alt=\"\" class=\"wp-image-706\" width=\"443\" height=\"443\" srcset=\"https:\/\/www.radioramanuevolaredo.com\/wp-content\/uploads\/2020\/05\/radioramanld-tune-in-1.jpg 1000w, https:\/\/www.radioramanuevolaredo.com\/wp-content\/uploads\/2020\/05\/radioramanld-tune-in-1-300x300.jpg 300w, https:\/\/www.radioramanuevolaredo.com\/wp-content\/uploads\/2020\/05\/radioramanld-tune-in-1-150x150.jpg 150w, https:\/\/www.radioramanuevolaredo.com\/wp-content\/uploads\/2020\/05\/radioramanld-tune-in-1-768x768.jpg 768w\" sizes=\"auto, (max-width: 443px) 100vw, 443px\" \/><\/a><\/figure><\/div>\n\n\n\n<p><\/p>\n\n\n\n<p><\/p>\n","protected":false},"excerpt":{"rendered":"<p>GRUPO RADIORAMA Grupo Radiorama es la cadena radiof\u00f3nica m\u00e1s grande de M\u00e9xico, bajo el eslogan \u201cLa Cadena que Une a M\u00e9xico\u201d. Actualmente Radiorama opera con m\u00e1s de 300 emisoras de AM y FM distribuidas en todo el pa\u00eds, entre ellas, est\u00e1 Nuevo Laredo, Tamaulipas. Contamos con 2 estaciones de radio: Fiesta Mexicana y Stereo Vida. [&hellip;]<\/p>\n","protected":false},"author":1,"featured_media":0,"parent":0,"menu_order":0,"comment_status":"closed","ping_status":"closed","template":"","meta":{"footnotes":""},"class_list":["post-2","page","type-page","status-publish","hentry"],"_links":{"self":[{"href":"https:\/\/www.radioramanuevolaredo.com\/index.php?rest_route=\/wp\/v2\/pages\/2","targetHints":{"allow":["GET"]}}],"collection":[{"href":"https:\/\/www.radioramanuevolaredo.com\/index.php?rest_route=\/wp\/v2\/pages"}],"about":[{"href":"https:\/\/www.radioramanuevolaredo.com\/index.php?rest_route=\/wp\/v2\/types\/page"}],"author":[{"embeddable":true,"href":"https:\/\/www.radioramanuevolaredo.com\/index.php?rest_route=\/wp\/v2\/users\/1"}],"replies":[{"embeddable":true,"href":"https:\/\/www.radioramanuevolaredo.com\/index.php?rest_route=%2Fwp%2Fv2%2Fcomments&post=2"}],"version-history":[{"count":28,"href":"https:\/\/www.radioramanuevolaredo.com\/index.php?rest_route=\/wp\/v2\/pages\/2\/revisions"}],"predecessor-version":[{"id":719,"href":"https:\/\/www.radioramanuevolaredo.com\/index.php?rest_route=\/wp\/v2\/pages\/2\/revisions\/719"}],"wp:attachment":[{"href":"https:\/\/www.radioramanuevolaredo.com\/index.php?rest_route=%2Fwp%2Fv2%2Fmedia&parent=2"}],"curies":[{"name":"wp","href":"https:\/\/api.w.org\/{rel}","templated":true}]}}