{"id":108,"date":"2019-05-28T18:38:32","date_gmt":"2019-05-28T23:38:32","guid":{"rendered":"https:\/\/www.radioramanuevolaredo.com\/?page_id=108"},"modified":"2021-05-11T11:20:02","modified_gmt":"2021-05-11T16:20:02","slug":"estereo-vida-2","status":"publish","type":"page","link":"https:\/\/www.radioramanuevolaredo.com\/?page_id=108","title":{"rendered":"Stereo Vida"},"content":{"rendered":"\n<h3 class=\"has-text-align-center wp-block-heading\"><strong>STEREO VIDA XHMW 102.3 FM<\/strong><\/h3>\n\n\n\n<div class=\"wp-block-image\"><figure class=\"aligncenter size-large is-resized\"><img loading=\"lazy\" decoding=\"async\" src=\"https:\/\/www.radioramanuevolaredo.com\/wp-content\/uploads\/2020\/05\/43161272_1030352037149373_1175706606759837696_n.jpg\" alt=\"\" class=\"wp-image-515\" width=\"447\" height=\"447\" srcset=\"https:\/\/www.radioramanuevolaredo.com\/wp-content\/uploads\/2020\/05\/43161272_1030352037149373_1175706606759837696_n.jpg 936w, https:\/\/www.radioramanuevolaredo.com\/wp-content\/uploads\/2020\/05\/43161272_1030352037149373_1175706606759837696_n-300x300.jpg 300w, https:\/\/www.radioramanuevolaredo.com\/wp-content\/uploads\/2020\/05\/43161272_1030352037149373_1175706606759837696_n-150x150.jpg 150w, https:\/\/www.radioramanuevolaredo.com\/wp-content\/uploads\/2020\/05\/43161272_1030352037149373_1175706606759837696_n-768x768.jpg 768w\" sizes=\"auto, (max-width: 447px) 100vw, 447px\" \/><\/figure><\/div>\n\n\n\n<p class=\"has-text-align-center\"><strong>Con un formato de m\u00fasica pop 80% espa\u00f1ol y 20% ingl\u00e9s.<\/strong><\/p>\n\n\n\n<p class=\"has-text-align-center\"><strong>Con programas de entretenimiento, contenido e informativos. Una estaci\u00f3n con compromiso social.<\/strong><\/p>\n\n\n\n<p><\/p>\n\n\n\n<h4 class=\"has-text-align-center wp-block-heading\"><strong>DESCARGA TUNE IN Y ESC\u00daCHANOS<\/strong><\/h4>\n\n\n\n<div class=\"wp-block-image\"><figure class=\"aligncenter size-large is-resized\"><a href=\"https:\/\/tunein.com\/?lang=es\" target=\"_blank\" rel=\"noopener noreferrer\"><img loading=\"lazy\" decoding=\"async\" src=\"https:\/\/www.radioramanuevolaredo.com\/wp-content\/uploads\/2020\/05\/tune-in-sv.jpg\" alt=\"\" class=\"wp-image-696\" width=\"467\" height=\"467\" srcset=\"https:\/\/www.radioramanuevolaredo.com\/wp-content\/uploads\/2020\/05\/tune-in-sv.jpg 1000w, https:\/\/www.radioramanuevolaredo.com\/wp-content\/uploads\/2020\/05\/tune-in-sv-300x300.jpg 300w, https:\/\/www.radioramanuevolaredo.com\/wp-content\/uploads\/2020\/05\/tune-in-sv-150x150.jpg 150w, https:\/\/www.radioramanuevolaredo.com\/wp-content\/uploads\/2020\/05\/tune-in-sv-768x768.jpg 768w\" sizes=\"auto, (max-width: 467px) 100vw, 467px\" \/><\/a><\/figure><\/div>\n","protected":false},"excerpt":{"rendered":"<p>STEREO VIDA XHMW 102.3 FM Con un formato de m\u00fasica pop 80% espa\u00f1ol y 20% ingl\u00e9s. Con programas de entretenimiento, contenido e informativos. Una estaci\u00f3n con compromiso social. DESCARGA TUNE IN Y ESC\u00daCHANOS<\/p>\n","protected":false},"author":1,"featured_media":0,"parent":0,"menu_order":0,"comment_status":"closed","ping_status":"closed","template":"","meta":{"footnotes":""},"class_list":["post-108","page","type-page","status-publish","hentry"],"_links":{"self":[{"href":"https:\/\/www.radioramanuevolaredo.com\/index.php?rest_route=\/wp\/v2\/pages\/108","targetHints":{"allow":["GET"]}}],"collection":[{"href":"https:\/\/www.radioramanuevolaredo.com\/index.php?rest_route=\/wp\/v2\/pages"}],"about":[{"href":"https:\/\/www.radioramanuevolaredo.com\/index.php?rest_route=\/wp\/v2\/types\/page"}],"author":[{"embeddable":true,"href":"https:\/\/www.radioramanuevolaredo.com\/index.php?rest_route=\/wp\/v2\/users\/1"}],"replies":[{"embeddable":true,"href":"https:\/\/www.radioramanuevolaredo.com\/index.php?rest_route=%2Fwp%2Fv2%2Fcomments&post=108"}],"version-history":[{"count":18,"href":"https:\/\/www.radioramanuevolaredo.com\/index.php?rest_route=\/wp\/v2\/pages\/108\/revisions"}],"predecessor-version":[{"id":1115,"href":"https:\/\/www.radioramanuevolaredo.com\/index.php?rest_route=\/wp\/v2\/pages\/108\/revisions\/1115"}],"wp:attachment":[{"href":"https:\/\/www.radioramanuevolaredo.com\/index.php?rest_route=%2Fwp%2Fv2%2Fmedia&parent=108"}],"curies":[{"name":"wp","href":"https:\/\/api.w.org\/{rel}","templated":true}]}}